{"id":1020,"date":"2026-02-12T10:24:27","date_gmt":"2026-02-12T08:24:27","guid":{"rendered":"https:\/\/plekikeskus.ee\/?page_id=1020"},"modified":"2026-02-12T11:47:55","modified_gmt":"2026-02-12T09:47:55","slug":"kasitood","status":"publish","type":"page","link":"https:\/\/plekikeskus.ee\/en\/kasitood\/","title":{"rendered":"K\u00e4sit\u00f6\u00f6d"},"content":{"rendered":"[et_pb_section fb_built=&#8221;1&#8243; _builder_version=&#8221;4.18.0&#8243; _module_preset=&#8221;default&#8221; global_colors_info=&#8221;{}&#8221;][et_pb_row _builder_version=&#8221;4.18.0&#8243; _module_preset=&#8221;default&#8221; global_colors_info=&#8221;{}&#8221;][et_pb_column type=&#8221;4_4&#8243; _builder_version=&#8221;4.18.0&#8243; _module_preset=&#8221;default&#8221; global_colors_info=&#8221;{}&#8221;][et_pb_text _builder_version=&#8221;4.18.0&#8243; _module_preset=&#8221;default&#8221; global_colors_info=&#8221;{}&#8221;]\n<h1>K\u00e4sit\u00f6\u00f6d<\/h1>\n<p>Valmistame ka keerukaid k\u00e4sit\u00f6\u00f6na tehtavaid metalldetaile &#8211; t\u00e4psus ja kogemus, mida t\u00e4nap\u00e4eval on raske leida.<\/p>\n[\/et_pb_text][\/et_pb_column][\/et_pb_row][\/et_pb_section][et_pb_section fb_built=&#8221;1&#8243; _builder_version=&#8221;4.18.0&#8243; _module_preset=&#8221;default&#8221; global_colors_info=&#8221;{}&#8221;][et_pb_row _builder_version=&#8221;4.18.0&#8243; _module_preset=&#8221;default&#8221; global_colors_info=&#8221;{}&#8221;][et_pb_column type=&#8221;4_4&#8243; _builder_version=&#8221;4.18.0&#8243; _module_preset=&#8221;default&#8221; global_colors_info=&#8221;{}&#8221;][et_pb_gallery gallery_ids=&#8221;1023,1024,1025,1026,1027,1028,1029,1030,1031,1032,1033,1034,1035,1036,1037,1038,1039,1040,1041,1042,1043,1044,1045,1046,1047&#8243; posts_number=&#8221;30&#8243; _builder_version=&#8221;4.18.0&#8243; _module_preset=&#8221;default&#8221; hover_enabled=&#8221;0&#8243; global_colors_info=&#8221;{}&#8221; sticky_enabled=&#8221;0&#8243;][\/et_pb_gallery][\/et_pb_column][\/et_pb_row][\/et_pb_section]","protected":false},"excerpt":{"rendered":"<p>K\u00e4sit\u00f6\u00f6d Valmistame ka keerukaid k\u00e4sit\u00f6\u00f6na tehtavaid metalldetaile &#8211; t\u00e4psus ja kogemus, mida t\u00e4nap\u00e4eval on raske leida.<\/p>","protected":false},"author":1,"featured_media":0,"parent":0,"menu_order":0,"comment_status":"closed","ping_status":"closed","template":"","meta":{"_et_pb_use_builder":"on","_et_pb_old_content":"","_et_gb_content_width":"","_mi_skip_tracking":false,"footnotes":""},"class_list":["post-1020","page","type-page","status-publish","hentry"],"_links":{"self":[{"href":"https:\/\/plekikeskus.ee\/en\/wp-json\/wp\/v2\/pages\/1020","targetHints":{"allow":["GET"]}}],"collection":[{"href":"https:\/\/plekikeskus.ee\/en\/wp-json\/wp\/v2\/pages"}],"about":[{"href":"https:\/\/plekikeskus.ee\/en\/wp-json\/wp\/v2\/types\/page"}],"author":[{"embeddable":true,"href":"https:\/\/plekikeskus.ee\/en\/wp-json\/wp\/v2\/users\/1"}],"replies":[{"embeddable":true,"href":"https:\/\/plekikeskus.ee\/en\/wp-json\/wp\/v2\/comments?post=1020"}],"version-history":[{"count":6,"href":"https:\/\/plekikeskus.ee\/en\/wp-json\/wp\/v2\/pages\/1020\/revisions"}],"predecessor-version":[{"id":1093,"href":"https:\/\/plekikeskus.ee\/en\/wp-json\/wp\/v2\/pages\/1020\/revisions\/1093"}],"wp:attachment":[{"href":"https:\/\/plekikeskus.ee\/en\/wp-json\/wp\/v2\/media?parent=1020"}],"curies":[{"name":"wp","href":"https:\/\/api.w.org\/{rel}","templated":true}]}}