{"id":1058,"date":"2026-02-12T11:16:56","date_gmt":"2026-02-12T09:16:56","guid":{"rendered":"https:\/\/plekikeskus.ee\/?page_id=1058"},"modified":"2026-02-12T11:16:56","modified_gmt":"2026-02-12T09:16:56","slug":"keevitus-metallitood","status":"publish","type":"page","link":"https:\/\/plekikeskus.ee\/en\/keevitus-metallitood\/","title":{"rendered":"Keevitus\/Metallit\u00f6\u00f6d"},"content":{"rendered":"[et_pb_section fb_built=&#8221;1&#8243; theme_builder_area=&#8221;post_content&#8221; _builder_version=&#8221;4.18.0&#8243; _module_preset=&#8221;default&#8221;][et_pb_row _builder_version=&#8221;4.18.0&#8243; _module_preset=&#8221;default&#8221; theme_builder_area=&#8221;post_content&#8221;][et_pb_column _builder_version=&#8221;4.18.0&#8243; _module_preset=&#8221;default&#8221; type=&#8221;4_4&#8243; theme_builder_area=&#8221;post_content&#8221;][et_pb_text _builder_version=&#8221;4.18.0&#8243; _module_preset=&#8221;default&#8221; theme_builder_area=&#8221;post_content&#8221;]<h1>Keevitus\/Metallit\u00f6\u00f6d<\/h1>\n<p>&nbsp;<\/p>\n<p>Pakume kvaliteetseid keevitust\u00f6id laser-, MIG- ja Tig-keevitusega.<br \/>T\u00f6\u00f6tleme roostevaba terast, alumiiniumi, musta terast,vaske ja messingit- t\u00e4pselt ning vastavalt sinu projektile.<br \/>Metallit\u00f6\u00f6d, mis peavad vastu &#8211; varikatused, raamkonstruktsioonid, turvatorud, talad ja tugevad vihmavees\u00fcsteemid.<\/p>[\/et_pb_text][\/et_pb_column][\/et_pb_row][\/et_pb_section][et_pb_section fb_built=&#8221;1&#8243; theme_builder_area=&#8221;post_content&#8221; _builder_version=&#8221;4.18.0&#8243; _module_preset=&#8221;default&#8221;][et_pb_row _builder_version=&#8221;4.18.0&#8243; _module_preset=&#8221;default&#8221; theme_builder_area=&#8221;post_content&#8221;][et_pb_column _builder_version=&#8221;4.18.0&#8243; _module_preset=&#8221;default&#8221; type=&#8221;4_4&#8243; theme_builder_area=&#8221;post_content&#8221;][et_pb_gallery _builder_version=&#8221;4.18.0&#8243; _module_preset=&#8221;default&#8221; theme_builder_area=&#8221;post_content&#8221; gallery_ids=&#8221;1061,1062,1063,1064,1065,1066,1067,1068,1069,1070,1071,1072,1073,1074&#8243; posts_number=&#8221;30&#8243; hover_enabled=&#8221;0&#8243; sticky_enabled=&#8221;0&#8243;][\/et_pb_gallery][\/et_pb_column][\/et_pb_row][\/et_pb_section]","protected":false},"excerpt":{"rendered":"<p>Keevitus\/Metallit\u00f6\u00f6d &nbsp; Pakume kvaliteetseid keevitust\u00f6id laser-, MIG- ja Tig-keevitusega.T\u00f6\u00f6tleme roostevaba terast, alumiiniumi, musta terast,vaske ja messingit- t\u00e4pselt ning vastavalt sinu projektile.Metallit\u00f6\u00f6d, mis peavad vastu &#8211; varikatused, raamkonstruktsioonid, turvatorud, talad ja tugevad vihmavees\u00fcsteemid.<\/p>","protected":false},"author":1,"featured_media":0,"parent":0,"menu_order":0,"comment_status":"closed","ping_status":"closed","template":"","meta":{"_et_pb_use_builder":"on","_et_pb_old_content":"","_et_gb_content_width":"","_mi_skip_tracking":false,"footnotes":""},"class_list":["post-1058","page","type-page","status-publish","hentry"],"_links":{"self":[{"href":"https:\/\/plekikeskus.ee\/en\/wp-json\/wp\/v2\/pages\/1058","targetHints":{"allow":["GET"]}}],"collection":[{"href":"https:\/\/plekikeskus.ee\/en\/wp-json\/wp\/v2\/pages"}],"about":[{"href":"https:\/\/plekikeskus.ee\/en\/wp-json\/wp\/v2\/types\/page"}],"author":[{"embeddable":true,"href":"https:\/\/plekikeskus.ee\/en\/wp-json\/wp\/v2\/users\/1"}],"replies":[{"embeddable":true,"href":"https:\/\/plekikeskus.ee\/en\/wp-json\/wp\/v2\/comments?post=1058"}],"version-history":[{"count":4,"href":"https:\/\/plekikeskus.ee\/en\/wp-json\/wp\/v2\/pages\/1058\/revisions"}],"predecessor-version":[{"id":1077,"href":"https:\/\/plekikeskus.ee\/en\/wp-json\/wp\/v2\/pages\/1058\/revisions\/1077"}],"wp:attachment":[{"href":"https:\/\/plekikeskus.ee\/en\/wp-json\/wp\/v2\/media?parent=1058"}],"curies":[{"name":"wp","href":"https:\/\/api.w.org\/{rel}","templated":true}]}}