{"id":1079,"date":"2026-02-12T11:24:49","date_gmt":"2026-02-12T09:24:49","guid":{"rendered":"https:\/\/plekikeskus.ee\/?page_id=1079"},"modified":"2026-02-12T11:24:49","modified_gmt":"2026-02-12T09:24:49","slug":"laserloikus","status":"publish","type":"page","link":"https:\/\/plekikeskus.ee\/en\/laserloikus\/","title":{"rendered":"Laserl\u00f5ikus"},"content":{"rendered":"[et_pb_section fb_built=&#8221;1&#8243; _builder_version=&#8221;4.18.0&#8243; _module_preset=&#8221;default&#8221; global_colors_info=&#8221;{}&#8221;][et_pb_row _builder_version=&#8221;4.18.0&#8243; _module_preset=&#8221;default&#8221; global_colors_info=&#8221;{}&#8221;][et_pb_column type=&#8221;4_4&#8243; _builder_version=&#8221;4.18.0&#8243; _module_preset=&#8221;default&#8221; global_colors_info=&#8221;{}&#8221;][et_pb_text _builder_version=&#8221;4.18.0&#8243; _module_preset=&#8221;default&#8221; global_colors_info=&#8221;{}&#8221;]\n<h1>Laserl\u00f5ikus<\/h1>\n<p>&nbsp;<\/p>\n<p>Meie v\u00f5imalused:<\/p>\n<p>Ermaksan Fiberlaser, Bystronic Bystar<br \/>Laseri v\u00f5imsus \u2013 2000 W, 6000 W<br \/>L\u00f5igatava materjali suurus \u2013 1500x3000mm, paksus kuni 25mm<br \/>Resonaator \u2013 IPG YLS 2000 \u2013 compact<br \/>L\u00f5ikepea \u2013 PRECITEC<\/p>\n<p>&nbsp;<\/p>\n<p>&nbsp;<\/p>\n[\/et_pb_text][et_pb_gallery gallery_ids=&#8221;1082&#8243; _builder_version=&#8221;4.18.0&#8243; _module_preset=&#8221;default&#8221; global_colors_info=&#8221;{}&#8221;][\/et_pb_gallery][\/et_pb_column][\/et_pb_row][\/et_pb_section]","protected":false},"excerpt":{"rendered":"<p>Laserl\u00f5ikus &nbsp; Meie v\u00f5imalused: Ermaksan Fiberlaser, Bystronic BystarLaseri v\u00f5imsus \u2013 2000 W, 6000 WL\u00f5igatava materjali suurus \u2013 1500x3000mm, paksus kuni 25mmResonaator \u2013 IPG YLS 2000 \u2013 compactL\u00f5ikepea \u2013 PRECITEC &nbsp; &nbsp;<\/p>","protected":false},"author":1,"featured_media":0,"parent":0,"menu_order":0,"comment_status":"closed","ping_status":"closed","template":"","meta":{"_et_pb_use_builder":"on","_et_pb_old_content":"","_et_gb_content_width":"","_mi_skip_tracking":false,"footnotes":""},"class_list":["post-1079","page","type-page","status-publish","hentry"],"_links":{"self":[{"href":"https:\/\/plekikeskus.ee\/en\/wp-json\/wp\/v2\/pages\/1079","targetHints":{"allow":["GET"]}}],"collection":[{"href":"https:\/\/plekikeskus.ee\/en\/wp-json\/wp\/v2\/pages"}],"about":[{"href":"https:\/\/plekikeskus.ee\/en\/wp-json\/wp\/v2\/types\/page"}],"author":[{"embeddable":true,"href":"https:\/\/plekikeskus.ee\/en\/wp-json\/wp\/v2\/users\/1"}],"replies":[{"embeddable":true,"href":"https:\/\/plekikeskus.ee\/en\/wp-json\/wp\/v2\/comments?post=1079"}],"version-history":[{"count":4,"href":"https:\/\/plekikeskus.ee\/en\/wp-json\/wp\/v2\/pages\/1079\/revisions"}],"predecessor-version":[{"id":1085,"href":"https:\/\/plekikeskus.ee\/en\/wp-json\/wp\/v2\/pages\/1079\/revisions\/1085"}],"wp:attachment":[{"href":"https:\/\/plekikeskus.ee\/en\/wp-json\/wp\/v2\/media?parent=1079"}],"curies":[{"name":"wp","href":"https:\/\/api.w.org\/{rel}","templated":true}]}}