{"id":122,"date":"2016-08-22T18:17:20","date_gmt":"2016-08-22T16:17:20","guid":{"rendered":"http:\/\/plekikeskus.ee\/?page_id=122"},"modified":"2019-07-18T01:43:53","modified_gmt":"2019-07-17T22:43:53","slug":"materjalid","status":"publish","type":"page","link":"https:\/\/plekikeskus.ee\/en\/materjalid\/","title":{"rendered":"Materials"},"content":{"rendered":"[et_pb_section fb_built=&#8221;1&#8243;][et_pb_row][et_pb_column type=&#8221;4_4&#8243; parallax=&#8221;off&#8221; parallax_method=&#8221;on&#8221;][et_pb_text]\n<p class=\"translation-block\">Most of our products are made from <strong>0.5 mm<\/strong> <strong>Ruukki flat sheets<\/strong>. However, in some cases, the selection\nincludes sheets from <strong>0.45 mm<\/strong> up to <strong>4.0 mm<\/strong> in thickness. Upon request, we also make custom orders\nusing the customer\u2019s materials.<\/p>\n<p>The primary materials used include:<\/p>\n<\/p>\n[\/et_pb_text][\/et_pb_column][\/et_pb_row][et_pb_row custom_padding=&#8221;44px|0px|13px|0px&#8221;][et_pb_column type=&#8221;1_2&#8243; parallax=&#8221;off&#8221; parallax_method=&#8221;on&#8221;][et_pb_text]\n<p style=\"text-align: left;\"><strong><em>zinc sheets<\/em><\/strong><br \/><strong><em>aluzinc<\/em><\/strong><br \/><strong><em>magnelis<\/em><\/strong><br \/><strong><em>colour-coated galvanised steel sheets<\/em><\/strong><br \/><strong><em>aluminium<\/em><\/strong><br \/><strong><em>anodised aluminium<\/em><\/strong><br \/><strong><em>stucco<\/em><\/strong><\/p>\n[\/et_pb_text][\/et_pb_column][et_pb_column type=&#8221;1_2&#8243; parallax=&#8221;off&#8221; parallax_method=&#8221;on&#8221;][et_pb_text]\n<p><em><strong>checker plates<\/strong><\/em><br \/><em><strong>perforated sheets<\/strong><\/em><br \/><em><strong>stainless<\/strong><\/em><br \/><em><strong>copper<\/strong><\/em><br \/><em><strong>brass<\/strong><\/em><br \/><em><strong>cold rolled sheet metal<\/strong><\/em><br \/><em><strong>hot rolled sheet metal<\/strong><\/em><\/p>\n[\/et_pb_text][\/et_pb_column][\/et_pb_row][et_pb_row custom_padding=&#8221;30px|0px|13px|0px&#8221;][et_pb_column type=&#8221;4_4&#8243; parallax=&#8221;off&#8221; parallax_method=&#8221;on&#8221;][et_pb_text]\n<p class=\"translation-block\"><span><em>Our selection of coating colours<\/em>  includes the <strong>Rautaruukki (RR)<\/strong> colour chart and, where possible, the RAL\ncolour chat. If you cannot find a suitable colour, we can powder paint the product according to the RAL\ncolour chart.<\/span><\/p>\n<p><span><\/span><\/p>\n[\/et_pb_text][\/et_pb_column][\/et_pb_row][\/et_pb_section]","protected":false},"excerpt":{"rendered":"<p><div class=\"et_pb_row et_pb_row_0 et_pb_row_empty\">\n\t\t\t\t\n\t\t\t\t\n\t\t\t\t\n\t\t\t\t\n\t\t\t\t\n\t\t\t<\/div><div class=\"et_pb_module et_pb_text et_pb_text_0  et_pb_text_align_left et_pb_bg_layout_light\">\n\t\t\t\t\n\t\t\t\t\n\t\t\t\t\n\t\t\t\t\n\t\t\t\t\n\t\t\t<\/div>Enamus meie toodangust valmib 0,5mm paksusest Ruukki sileplekist, kuid v\u00f5imalik valik algab 0,45mm ja l\u00f5peb teatud juhtudel kuni 4,0mm paksuse materjaliga. Soovi korral t\u00e4idame tellimusi ka kliendi materjalist. Kasutatavate materjalide nimekirja kuuluvad peamiselt: <div class=\"et_pb_module et_pb_text et_pb_text_1  et_pb_text_align_left et_pb_bg_layout_light\">\n\t\t\t\t\n\t\t\t\t\n\t\t\t\t\n\t\t\t\t\n\t\t\t\t\n\t\t\t<\/div>tsinkplekkalutsinkmagnelisv\u00e4rvilise pinnakattega tsingitud terasplekkalumiiniumanodeeritud alumiiniumstucco<div class=\"et_pb_module et_pb_text et_pb_text_2  et_pb_text_align_left et_pb_bg_layout_light\">\n\t\t\t\t\n\t\t\t\t\n\t\t\t\t\n\t\t\t\t\n\t\t\t\t\n\t\t\t<\/div>rihvelperforeeritud plekkroostevabavaskmessingk\u00fclmvalts plekkkuumvalts plekk<div class=\"et_pb_module et_pb_text et_pb_text_3  et_pb_text_align_left et_pb_bg_layout_light\">\n\t\t\t\t\n\t\t\t\t\n\t\t\t\t\n\t\t\t\t\n\t\t\t\t\n\t\t\t<\/div>V&auml;rvitud pinnakatete valik on v&otilde;imalik teha Rautaruukki (RR), ning v&otilde;imaluse korral ka RAL v&auml;rvikaardi alusel. [&hellip;]<\/p>","protected":false},"author":1,"featured_media":0,"parent":0,"menu_order":0,"comment_status":"closed","ping_status":"closed","template":"","meta":{"_et_pb_use_builder":"on","_et_pb_old_content":"","_et_gb_content_width":"","_mi_skip_tracking":false,"footnotes":""},"class_list":["post-122","page","type-page","status-publish","hentry"],"_links":{"self":[{"href":"https:\/\/plekikeskus.ee\/en\/wp-json\/wp\/v2\/pages\/122","targetHints":{"allow":["GET"]}}],"collection":[{"href":"https:\/\/plekikeskus.ee\/en\/wp-json\/wp\/v2\/pages"}],"about":[{"href":"https:\/\/plekikeskus.ee\/en\/wp-json\/wp\/v2\/types\/page"}],"author":[{"embeddable":true,"href":"https:\/\/plekikeskus.ee\/en\/wp-json\/wp\/v2\/users\/1"}],"replies":[{"embeddable":true,"href":"https:\/\/plekikeskus.ee\/en\/wp-json\/wp\/v2\/comments?post=122"}],"version-history":[{"count":19,"href":"https:\/\/plekikeskus.ee\/en\/wp-json\/wp\/v2\/pages\/122\/revisions"}],"predecessor-version":[{"id":728,"href":"https:\/\/plekikeskus.ee\/en\/wp-json\/wp\/v2\/pages\/122\/revisions\/728"}],"wp:attachment":[{"href":"https:\/\/plekikeskus.ee\/en\/wp-json\/wp\/v2\/media?parent=122"}],"curies":[{"name":"wp","href":"https:\/\/api.w.org\/{rel}","templated":true}]}}