{"id":21,"date":"2016-08-19T22:47:25","date_gmt":"2016-08-19T20:47:25","guid":{"rendered":"http:\/\/plekikeskus.ee\/?page_id=21"},"modified":"2026-02-27T09:43:30","modified_gmt":"2026-02-27T07:43:30","slug":"kontakt","status":"publish","type":"page","link":"https:\/\/plekikeskus.ee\/en\/kontakt\/","title":{"rendered":"Contact"},"content":{"rendered":"[et_pb_section admin_label=&#8221;section&#8221;]\n\t\t\t[et_pb_row admin_label=&#8221;row&#8221;]\n\t\t\t\t[et_pb_column type=&#8221;4_4&#8243;][et_pb_text admin_label=&#8221;Text&#8221;]<a href=\"https:\/\/plekikeskus.ee\/en\/kontakt\/tookoda\/\">T\u00f6\u00f6koda<\/a><\/p>\n<p><a href=\"https:\/\/plekikeskus.ee\/en\/kontakt\/ettevote\/\">Company<\/a>[\/et_pb_text][\/et_pb_column]\n\t\t\t[\/et_pb_row]\n\t\t[\/et_pb_section]","protected":false},"excerpt":{"rendered":"<p>T\u00f6\u00f6koda Ettev\u00f5te<\/p>","protected":false},"author":1,"featured_media":0,"parent":0,"menu_order":0,"comment_status":"closed","ping_status":"closed","template":"","meta":{"_et_pb_use_builder":"on","_et_pb_old_content":"<a href=\"https:\/\/plekikeskus.ee\/kontakt\/tookoda\/\">T\u00f6\u00f6koda<\/a>\r\n\r\n<a href=\"https:\/\/plekikeskus.ee\/kontakt\/ettevote\/\">Ettev\u00f5te<\/a>","_et_gb_content_width":"","_mi_skip_tracking":false,"footnotes":""},"class_list":["post-21","page","type-page","status-publish","hentry"],"_links":{"self":[{"href":"https:\/\/plekikeskus.ee\/en\/wp-json\/wp\/v2\/pages\/21","targetHints":{"allow":["GET"]}}],"collection":[{"href":"https:\/\/plekikeskus.ee\/en\/wp-json\/wp\/v2\/pages"}],"about":[{"href":"https:\/\/plekikeskus.ee\/en\/wp-json\/wp\/v2\/types\/page"}],"author":[{"embeddable":true,"href":"https:\/\/plekikeskus.ee\/en\/wp-json\/wp\/v2\/users\/1"}],"replies":[{"embeddable":true,"href":"https:\/\/plekikeskus.ee\/en\/wp-json\/wp\/v2\/comments?post=21"}],"version-history":[{"count":29,"href":"https:\/\/plekikeskus.ee\/en\/wp-json\/wp\/v2\/pages\/21\/revisions"}],"predecessor-version":[{"id":1097,"href":"https:\/\/plekikeskus.ee\/en\/wp-json\/wp\/v2\/pages\/21\/revisions\/1097"}],"wp:attachment":[{"href":"https:\/\/plekikeskus.ee\/en\/wp-json\/wp\/v2\/media?parent=21"}],"curies":[{"name":"wp","href":"https:\/\/api.w.org\/{rel}","templated":true}]}}