{"id":283,"date":"2017-04-01T16:43:04","date_gmt":"2017-04-01T13:43:04","guid":{"rendered":"http:\/\/plekikeskus.ee\/?page_id=283"},"modified":"2017-04-10T19:15:03","modified_gmt":"2017-04-10T16:15:03","slug":"postitused","status":"publish","type":"page","link":"https:\/\/plekikeskus.ee\/en\/postitused\/","title":{"rendered":"postitused"},"content":{"rendered":"<div class=\"pt-cv-wrapper et_smooth_scroll_disabled\"><div class=\"pt-cv-view pt-cv-grid pt-cv-colsys\" id=\"pt-cv-view-824f74bvfl\"><div data-id=\"pt-cv-page-1\" class=\"pt-cv-page\" data-cvc=\"2\"><div class=\"col-md-6 col-sm-6 col-xs-12 pt-cv-content-item pt-cv-1-col\" ><div class='pt-cv-ifield'><a href=\"https:\/\/plekikeskus.ee\/en\/uudised\/piirangud-covid-19-leviku-tokestamiseks\/\" class=\"_self pt-cv-href-thumbnail pt-cv-thumb-default\" target=\"_self\" ><\/a>\n<h4 class=\"pt-cv-title\"><a href=\"https:\/\/plekikeskus.ee\/en\/uudised\/piirangud-covid-19-leviku-tokestamiseks\/\" class=\"_self\" target=\"_self\" >COVID-19 restrictions<\/a><\/h4>\n<div class=\"pt-cv-content\">11. m\u00e4rtsist kehtivad \u00fcle Eesti ranged piirangud, et saada koroonaviiruse levik kontrolli alla ja tagada meie tervishoius\u00fcsteemi toimivus. Plekikeskus hoolib ...<br \/><a href=\"https:\/\/plekikeskus.ee\/en\/uudised\/piirangud-covid-19-leviku-tokestamiseks\/\" class=\"_self pt-cv-readmore btn btn-success\" target=\"_self\">Loe Edasi<\/a><\/div><\/div><\/div>\n<div class=\"col-md-6 col-sm-6 col-xs-12 pt-cv-content-item pt-cv-1-col\" ><div class='pt-cv-ifield'><a href=\"https:\/\/plekikeskus.ee\/en\/uudised\/iso-90012015\/\" class=\"_self pt-cv-href-thumbnail pt-cv-thumb-default\" target=\"_self\" ><\/a>\n<h4 class=\"pt-cv-title\"><a href=\"https:\/\/plekikeskus.ee\/en\/uudised\/iso-90012015\/\" class=\"_self\" target=\"_self\" >ISO 9001:2015<\/a><\/h4>\n<div class=\"pt-cv-content\">Plekikeskus O\u00dc vastab alates 31.05.2019 rahvusvahelisele kvaliteedijuhtimiss\u00fcsteemi standardile ISO 9001:2015. Sertifitseerimisettev\u00f5te DNV GL tunnistas meie juhtimiss\u00fcsteemid vastavaks nimetatud ISO standardile ...<br \/><a href=\"https:\/\/plekikeskus.ee\/en\/uudised\/iso-90012015\/\" class=\"_self pt-cv-readmore btn btn-success\" target=\"_self\">Loe Edasi<\/a><\/div><\/div><\/div>\n<div class=\"col-md-6 col-sm-6 col-xs-12 pt-cv-content-item pt-cv-1-col\" ><div class='pt-cv-ifield'><a href=\"https:\/\/plekikeskus.ee\/en\/uudised\/toome-kauba-kohale\/\" class=\"_self pt-cv-href-thumbnail pt-cv-thumb-default\" target=\"_self\" ><\/a>\n<h4 class=\"pt-cv-title\"><a href=\"https:\/\/plekikeskus.ee\/en\/uudised\/toome-kauba-kohale\/\" class=\"_self\" target=\"_self\" >We offer delivery<\/a><\/h4>\n<div class=\"pt-cv-content\">Klientide veelgi operatiivsema teenindamise huvides oleme teinud lisainvesteeringu soetades kaubiku. Soovi korral v\u00f5ime tuua teie tellitud tooted otse objektile. Kaubaruumi ...<br \/><a href=\"https:\/\/plekikeskus.ee\/en\/uudised\/toome-kauba-kohale\/\" class=\"_self pt-cv-readmore btn btn-success\" target=\"_self\">Loe Edasi<\/a><\/div><\/div><\/div>\n<div class=\"col-md-6 col-sm-6 col-xs-12 pt-cv-content-item pt-cv-1-col\" ><div class='pt-cv-ifield'><a href=\"https:\/\/plekikeskus.ee\/en\/uudised\/joulud-ja-aastavahetus\/\" class=\"_self pt-cv-href-thumbnail pt-cv-thumb-default\" target=\"_self\" ><\/a>\n<h4 class=\"pt-cv-title\"><a href=\"https:\/\/plekikeskus.ee\/en\/uudised\/joulud-ja-aastavahetus\/\" class=\"_self\" target=\"_self\" >J\u00f5ulud ja aastavahetus<\/a><\/h4>\n<div class=\"pt-cv-content\">Plekikeskus v\u00f5tab j\u00f5uludeks aja maha. T\u00f6\u00f6koja ukse sulgeme 21. detsembri \u00f5htul ja avame uuesti juba uuel aastal: 2. jaanuari hommikul ...<br \/><a href=\"https:\/\/plekikeskus.ee\/en\/uudised\/joulud-ja-aastavahetus\/\" class=\"_self pt-cv-readmore btn btn-success\" target=\"_self\">Loe Edasi<\/a><\/div><\/div><\/div>\n<div class=\"col-md-6 col-sm-6 col-xs-12 pt-cv-content-item pt-cv-1-col\" ><div class='pt-cv-ifield'><a href=\"https:\/\/plekikeskus.ee\/en\/uudised\/taasiseseisvumispaev\/\" class=\"_self pt-cv-href-thumbnail pt-cv-thumb-default\" target=\"_self\" ><\/a>\n<h4 class=\"pt-cv-title\"><a href=\"https:\/\/plekikeskus.ee\/en\/uudised\/taasiseseisvumispaev\/\" class=\"_self\" target=\"_self\" >Taasiseseisvumisp\u00e4ev<\/a><\/h4>\n<div class=\"pt-cv-content\">Head s\u00f5brad, 20. augustil t\u00e4histame Eesti Vabariigi iseseisvuse taastamist. Sel p\u00e4eval on t\u00f6\u00f6koda suletud. Kaunist pidup\u00e4eva! ...<br \/><a href=\"https:\/\/plekikeskus.ee\/en\/uudised\/taasiseseisvumispaev\/\" class=\"_self pt-cv-readmore btn btn-success\" target=\"_self\">Loe Edasi<\/a><\/div><\/div><\/div>\n<div class=\"col-md-6 col-sm-6 col-xs-12 pt-cv-content-item pt-cv-1-col\" ><div class='pt-cv-ifield'><a href=\"https:\/\/plekikeskus.ee\/en\/uudised\/creditinfo-reiting-aaa\/\" class=\"_self pt-cv-href-thumbnail pt-cv-thumb-default\" target=\"_self\" ><\/a>\n<h4 class=\"pt-cv-title\"><a href=\"https:\/\/plekikeskus.ee\/en\/uudised\/creditinfo-reiting-aaa\/\" class=\"_self\" target=\"_self\" >Creditinfo Eesti reiting AAA<\/a><\/h4>\n<div class=\"pt-cv-content\">Plekikeskus O\u00dc - Edukas Eesti ettev\u00f5te 2018 - Creditinfo reiting AAA Oleme oma maksek\u00e4itumise ja majandusn\u00e4itajatega saavutanud k\u00f5rge tunnustuse reitingufirma ...<br \/><a href=\"https:\/\/plekikeskus.ee\/en\/uudised\/creditinfo-reiting-aaa\/\" class=\"_self pt-cv-readmore btn btn-success\" target=\"_self\">Loe Edasi<\/a><\/div><\/div><\/div>\n<div class=\"col-md-6 col-sm-6 col-xs-12 pt-cv-content-item pt-cv-1-col\" ><div class='pt-cv-ifield'><a href=\"https:\/\/plekikeskus.ee\/en\/uudised\/jaanipaeva-nadalavahetus\/\" class=\"_self pt-cv-href-thumbnail pt-cv-thumb-default\" target=\"_self\" ><\/a>\n<h4 class=\"pt-cv-title\"><a href=\"https:\/\/plekikeskus.ee\/en\/uudised\/jaanipaeva-nadalavahetus\/\" class=\"_self\" target=\"_self\" >Jaanip\u00e4eva n\u00e4dalavahetus<\/a><\/h4>\n<div class=\"pt-cv-content\">Jaanip\u00e4eva n\u00e4dalavahetusele eelneval reedel 22.06.2018 on meie t\u00f6\u00f6p\u00e4ev tavap\u00e4rasest kolme tunni v\u00f5rra l\u00fchem - t\u00f6\u00f6koda on avatud 9:00-14:00. Ilusat jaaniaega! ...<br \/><a href=\"https:\/\/plekikeskus.ee\/en\/uudised\/jaanipaeva-nadalavahetus\/\" class=\"_self pt-cv-readmore btn btn-success\" target=\"_self\">Loe Edasi<\/a><\/div><\/div><\/div>\n<div class=\"col-md-6 col-sm-6 col-xs-12 pt-cv-content-item pt-cv-1-col\" ><div class='pt-cv-ifield'><a href=\"https:\/\/plekikeskus.ee\/en\/uudised\/lahtiolekuajad-kevadpuhal-1-mail\/\" class=\"_self pt-cv-href-thumbnail pt-cv-thumb-default\" target=\"_self\" ><\/a>\n<h4 class=\"pt-cv-title\"><a href=\"https:\/\/plekikeskus.ee\/en\/uudised\/lahtiolekuajad-kevadpuhal-1-mail\/\" class=\"_self\" target=\"_self\" >Lahtiolekuajad kevadp\u00fchal, 1. mail<\/a><\/h4>\n<div class=\"pt-cv-content\">Teisip\u00e4eval, 1. mail 2018 on t\u00f6\u00f6koda suletud. Soovime k\u00f5igile kaunist kevadp\u00fcha! ...<br \/><a href=\"https:\/\/plekikeskus.ee\/en\/uudised\/lahtiolekuajad-kevadpuhal-1-mail\/\" class=\"_self pt-cv-readmore btn btn-success\" target=\"_self\">Loe Edasi<\/a><\/div><\/div><\/div>\n<div class=\"col-md-6 col-sm-6 col-xs-12 pt-cv-content-item pt-cv-1-col\" ><div class='pt-cv-ifield'><a href=\"https:\/\/plekikeskus.ee\/en\/uudised\/suur-reede\/\" class=\"_self pt-cv-href-thumbnail pt-cv-thumb-default\" target=\"_self\" ><\/a>\n<h4 class=\"pt-cv-title\"><a href=\"https:\/\/plekikeskus.ee\/en\/uudised\/suur-reede\/\" class=\"_self\" target=\"_self\" >Suur reede<\/a><\/h4>\n<div class=\"pt-cv-content\">Head kliendid, 30. m\u00e4rtsil 2018 on Plekikeskus p\u00fchade puhul suletud. Ilusaid p\u00fchi! ...<br \/><a href=\"https:\/\/plekikeskus.ee\/en\/uudised\/suur-reede\/\" class=\"_self pt-cv-readmore btn btn-success\" target=\"_self\">Loe Edasi<\/a><\/div><\/div><\/div>\n<div class=\"col-md-6 col-sm-6 col-xs-12 pt-cv-content-item pt-cv-1-col\" ><div class='pt-cv-ifield'><a href=\"https:\/\/plekikeskus.ee\/en\/uudised\/bisnode-estonia-krediidireiting-aaa\/\" class=\"_self pt-cv-href-thumbnail pt-cv-thumb-default\" target=\"_self\" ><\/a>\n<h4 class=\"pt-cv-title\"><a href=\"https:\/\/plekikeskus.ee\/en\/uudised\/bisnode-estonia-krediidireiting-aaa\/\" class=\"_self\" target=\"_self\" >Bisnode Estonia krediidireiting AAA<\/a><\/h4>\n<div class=\"pt-cv-content\">Head kliendid ja koost\u00f6\u00f6partnerid, meil on r\u00f5\u00f5m teile teatada, et Bisnode Estonia AS on hinnanud Plekikeskus O\u00dc maksek\u00e4itumist k\u00f5rgeima v\u00f5imaliku ...<br \/><a href=\"https:\/\/plekikeskus.ee\/en\/uudised\/bisnode-estonia-krediidireiting-aaa\/\" class=\"_self pt-cv-readmore btn btn-success\" target=\"_self\">Loe Edasi<\/a><\/div><\/div><\/div><\/div><\/div><\/div>","protected":false},"excerpt":{"rendered":"","protected":false},"author":1,"featured_media":0,"parent":0,"menu_order":0,"comment_status":"closed","ping_status":"closed","template":"","meta":{"_et_pb_use_builder":"","_et_pb_old_content":"","_et_gb_content_width":"","_mi_skip_tracking":false,"footnotes":""},"class_list":["post-283","page","type-page","status-publish","hentry"],"_links":{"self":[{"href":"https:\/\/plekikeskus.ee\/en\/wp-json\/wp\/v2\/pages\/283","targetHints":{"allow":["GET"]}}],"collection":[{"href":"https:\/\/plekikeskus.ee\/en\/wp-json\/wp\/v2\/pages"}],"about":[{"href":"https:\/\/plekikeskus.ee\/en\/wp-json\/wp\/v2\/types\/page"}],"author":[{"embeddable":true,"href":"https:\/\/plekikeskus.ee\/en\/wp-json\/wp\/v2\/users\/1"}],"replies":[{"embeddable":true,"href":"https:\/\/plekikeskus.ee\/en\/wp-json\/wp\/v2\/comments?post=283"}],"version-history":[{"count":2,"href":"https:\/\/plekikeskus.ee\/en\/wp-json\/wp\/v2\/pages\/283\/revisions"}],"predecessor-version":[{"id":302,"href":"https:\/\/plekikeskus.ee\/en\/wp-json\/wp\/v2\/pages\/283\/revisions\/302"}],"wp:attachment":[{"href":"https:\/\/plekikeskus.ee\/en\/wp-json\/wp\/v2\/media?parent=283"}],"curies":[{"name":"wp","href":"https:\/\/api.w.org\/{rel}","templated":true}]}}