{"id":53,"date":"2016-08-20T14:37:33","date_gmt":"2016-08-20T12:37:33","guid":{"rendered":"http:\/\/plekikeskus.ee\/?page_id=53"},"modified":"2022-09-23T21:11:28","modified_gmt":"2022-09-23T18:11:28","slug":"tooted","status":"publish","type":"page","link":"https:\/\/plekikeskus.ee\/en\/tooted\/","title":{"rendered":"Products"},"content":{"rendered":"[et_pb_section fb_built=&#8221;1&#8243; _builder_version=&#8221;4.16&#8243; global_colors_info=&#8221;{}&#8221;][et_pb_row _builder_version=&#8221;4.16&#8243; background_size=&#8221;initial&#8221; background_position=&#8221;top_left&#8221; background_repeat=&#8221;repeat&#8221; custom_padding=&#8221;13px|0px|0px|0px&#8221; global_colors_info=&#8221;{}&#8221;][et_pb_column type=&#8221;4_4&#8243; _builder_version=&#8221;4.16&#8243; custom_padding=&#8221;|||&#8221; global_colors_info=&#8221;{}&#8221; custom_padding__hover=&#8221;|||&#8221;][et_pb_text _builder_version=&#8221;4.16&#8243; background_size=&#8221;initial&#8221; background_position=&#8221;top_left&#8221; background_repeat=&#8221;repeat&#8221; global_colors_info=&#8221;{}&#8221;]\n<p class=\"translation-block\">We can cut to size sheet metal up to <strong>2.5 mm<\/strong> in thickness, <strong>stainless steel<\/strong> up to <strong>1.5 mm<\/strong> in thickness and\n<strong>aluminium<\/strong> (checker plate) up to <strong>4.0 mm<\/strong> in thickness and <strong>3,100 mm<\/strong> in length. We offer profile bending\nfor profiles up to <strong>3,150 mm<\/strong> in length.<\/p>\n<p>In the processing of materials, we use automatic equipment from\nleading Scandinavian and Western European manufacturers. Different-shaped sheet metal products are\nhandcrafted according to the customer\u2019s drawings or sketches.<\/p>\n<p>Among other things, we manufacture the following most common sheet metal products in our\nworkshop:<\/p>\n[\/et_pb_text][\/et_pb_column][\/et_pb_row][\/et_pb_section][et_pb_section fb_built=&#8221;1&#8243; _builder_version=&#8221;4.16&#8243; custom_padding=&#8221;0px|0px|19px|0px&#8221; global_colors_info=&#8221;{}&#8221;][\/et_pb_section][et_pb_section fb_built=&#8221;1&#8243; _builder_version=&#8221;4.16&#8243; global_colors_info=&#8221;{}&#8221;][et_pb_row column_structure=&#8221;1_4,1_4,1_4,1_4&#8243; _builder_version=&#8221;4.16&#8243; background_size=&#8221;initial&#8221; background_position=&#8221;top_left&#8221; background_repeat=&#8221;repeat&#8221; custom_padding=&#8221;2px|0px|55px|0px&#8221; global_colors_info=&#8221;{}&#8221;][et_pb_column type=&#8221;1_4&#8243; _builder_version=&#8221;4.16&#8243; custom_padding=&#8221;|||&#8221; global_colors_info=&#8221;{}&#8221; custom_padding__hover=&#8221;|||&#8221;][et_pb_text _builder_version=&#8221;4.16&#8243; background_size=&#8221;initial&#8221; background_position=&#8221;top_left&#8221; background_repeat=&#8221;repeat&#8221; global_colors_info=&#8221;{}&#8221;]\n<p><a href=\"https:\/\/plekikeskus.ee\/wp-content\/uploads\/photo-gallery\/aknaplekk_%C3%BClesp%C3%B6%C3%B6rdega.jpg\"><strong><em>exterior window sills<\/em><\/strong><\/a><br \/><a href=\"https:\/\/plekikeskus.ee\/wp-content\/uploads\/photo-gallery\/aknaplekk.jpg\"><strong><em>flashings<\/em><\/strong><\/a><br \/><strong><em>flashings for round windows<\/em><\/strong><br \/><a href=\"https:\/\/plekikeskus.ee\/wp-content\/uploads\/photo-gallery\/harjaplekk.jpg\"><strong><em>ridge caps<\/em><\/strong><\/a><br \/><a href=\"https:\/\/plekikeskus.ee\/wp-content\/uploads\/photo-gallery\/neeluplekk.jpg\"><strong><em>valley flashing<\/em><\/strong><\/a><br \/><a href=\"https:\/\/plekikeskus.ee\/wp-content\/uploads\/photo-gallery\/lumet%C3%B5kkeplekk.jpg\"><strong><em>snow guards<\/em><\/strong><\/a><br \/><a href=\"https:\/\/plekikeskus.ee\/wp-content\/uploads\/photo-gallery\/liiteplekk.jpg\"><strong><em>joint flashing<\/em><\/strong><\/a><br \/><a href=\"https:\/\/plekikeskus.ee\/wp-content\/uploads\/photo-gallery\/viiluplekk.jpg\"><strong><em>eave trims<\/em><\/strong><\/a><br \/><strong><em>control hatches<\/em><\/strong><\/p>\n[\/et_pb_text][\/et_pb_column][et_pb_column type=&#8221;1_4&#8243; _builder_version=&#8221;4.16&#8243; custom_padding=&#8221;|||&#8221; global_colors_info=&#8221;{}&#8221; custom_padding__hover=&#8221;|||&#8221;][et_pb_text _builder_version=&#8221;4.16&#8243; background_size=&#8221;initial&#8221; background_position=&#8221;top_left&#8221; background_repeat=&#8221;repeat&#8221; global_colors_info=&#8221;{}&#8221;]\n<p><strong><em>verge trims<\/em><\/strong><br \/><strong><em>cladding<\/em><\/strong><br \/><strong><em>cornice flashing<\/em><\/strong><br \/><a href=\"https:\/\/plekikeskus.ee\/wp-content\/uploads\/photo-gallery\/%C3%BCleminekuplekk.jpg\"><strong><em>splice flashing<\/em><\/strong><\/a><br \/><a href=\"https:\/\/plekikeskus.ee\/wp-content\/uploads\/photo-gallery\/sisenurga_plekk.jpg\"><strong><em>inside corner flashing<\/em><\/strong><\/a><br \/><a href=\"https:\/\/plekikeskus.ee\/wp-content\/uploads\/photo-gallery\/v%C3%A4lisnurga_plekk.jpg\"><strong><em>outside corner flashing<\/em><\/strong><\/a><br \/><strong><em>corner flashing<\/em><\/strong><br \/><strong><em>chimney flashing<\/em><\/strong><br \/><a href=\"https:\/\/plekikeskus.ee\/wp-content\/uploads\/photo-gallery\/korstnam%C3%BCts_katusega.jpg\"><strong><em>chimney caps<\/em><\/strong><\/a><\/p>\n[\/et_pb_text][\/et_pb_column][et_pb_column type=&#8221;1_4&#8243; _builder_version=&#8221;4.16&#8243; custom_padding=&#8221;|||&#8221; global_colors_info=&#8221;{}&#8221; custom_padding__hover=&#8221;|||&#8221;][et_pb_text _builder_version=&#8221;4.16&#8243; background_size=&#8221;initial&#8221; background_position=&#8221;top_left&#8221; background_repeat=&#8221;repeat&#8221; global_colors_info=&#8221;{}&#8221;]\n<p><strong><em>storm collars<\/em><\/strong><br \/><strong><em>roof hatches<\/em><\/strong><br \/><strong><em>skylight flashing<\/em><\/strong><br \/><a href=\"https:\/\/plekikeskus.ee\/wp-content\/uploads\/photo-gallery\/parapett.jpg\"><strong><em>parapet flashing<\/em><\/strong><\/a><br \/><a href=\"https:\/\/plekikeskus.ee\/wp-content\/uploads\/photo-gallery\/r%C3%A4%C3%A4staplekk.jpg\"><strong><em>eaves flashing<\/em><\/strong><\/a><br \/><a href=\"https:\/\/plekikeskus.ee\/wp-content\/uploads\/photo-gallery\/tilgaplekk.jpg\"><strong><em>drip edges<\/em><\/strong><\/a><br \/><a href=\"https:\/\/plekikeskus.ee\/wp-content\/uploads\/photo-gallery\/k%C3%BCbarprofiil.jpg\"><strong><em>hat profiles<\/em><\/strong><\/a><br \/><a href=\"https:\/\/plekikeskus.ee\/wp-content\/uploads\/photo-gallery\/U-profiil.jpg\"><strong><em>u-profiles<\/em><\/strong><\/a><br \/><a href=\"https:\/\/plekikeskus.ee\/wp-content\/uploads\/photo-gallery\/Z-profiil.jpg\"><strong><em>z-profiles<\/em><\/strong><\/a><\/p>\n[\/et_pb_text][\/et_pb_column][et_pb_column type=&#8221;1_4&#8243; _builder_version=&#8221;4.16&#8243; custom_padding=&#8221;|||&#8221; global_colors_info=&#8221;{}&#8221; custom_padding__hover=&#8221;|||&#8221;][et_pb_text _builder_version=&#8221;4.16&#8243; background_size=&#8221;initial&#8221; background_position=&#8221;top_left&#8221; background_repeat=&#8221;repeat&#8221; global_colors_info=&#8221;{}&#8221;]\n<p><strong><em>h-profiles<\/em><\/strong><br \/><strong><em>rain gutters<\/em><\/strong><br \/><strong><em>downspouts<\/em><\/strong><br \/><strong><em>funnels<\/em><\/strong><br \/><strong><em>elbows<\/em><\/strong><br \/><a href=\"https:\/\/plekikeskus.ee\/wp-content\/uploads\/photo-gallery\/ahjuplekk.jpg\"><strong><em>metal sheet floorplate for stoves<\/em><\/strong><\/a><br \/><strong><em>hoods<\/em><\/strong><br \/><a href=\"https:\/\/plekikeskus.ee\/wp-content\/uploads\/photo-gallery\/postim%C3%BCts.jpg\"><strong><em>fence post caps<\/em><\/strong><\/a><br \/><strong><em>soot doors<\/em><\/strong><\/p>\n[\/et_pb_text][\/et_pb_column][\/et_pb_row][\/et_pb_section]","protected":false},"excerpt":{"rendered":"<p>Suudame formaati l\u00f5igata kuni 2,5mm paksust teraslehte, 1,5mm paksust roostevabaterast ja 4,0mm paksust alumiiniumi (rihvelplekk) maksimumpikkusega 3100mm. Profiilide painutamisel on detaili maksimaalseks v\u00f5imalikuks pikkuseks 3150mm. Materjalide t\u00f6\u00f6tlemisel kasutame skandinaavia ja l\u00e4\u00e4ne-euroopa juhtivate toojate automaatseadmeid. K\u00e4sit\u00f6\u00f6na valmistame erikujulisi plekitooteid tellija jooniste v\u00f5i n\u00e4idiste j\u00e4rgi. Oma t\u00f6\u00f6kojas valmistame muuhulgas ka j\u00e4rgnevaid enamlevinud plekitooteid:aknaplekkveeplekk&uuml;mara akna veeplekkharjaplekkneeluplekklumet&otilde;kkeplekkliiteplekkviiluplekkkipsiluukotsaplekkkatteplekkkarniisiplekk&uuml;leminekuplekksisenurga plekkv&auml;lisnurga plekknurgaplekkkorstnaplekkkorstnam&uuml;tskorstnakraekatuseluukkatuseakna [&hellip;]<\/p>","protected":false},"author":1,"featured_media":0,"parent":0,"menu_order":0,"comment_status":"closed","ping_status":"closed","template":"","meta":{"_et_pb_use_builder":"on","_et_pb_old_content":"Suudame formaati l\u00f5igata kuni 2,5mm paksust teraslehte, 1,5mm paksust roostevabaterast ja 4,0mm paksust alumiiniumi (rihvelplekk) maksimumpikkusega 3100mm. Profiilide painutamisel on detaili maksimaalseks v\u00f5imalikuks pikkuseks 3150mm. Materjalide t\u00f6\u00f6tlemisel kasutame skandinaavia ja l\u00e4\u00e4ne-euroopa juhtivate toojate automaatseadmeid. K\u00e4sit\u00f6\u00f6na valmistame erikujulisi plekitooteid tellija jooniste v\u00f5i n\u00e4idiste j\u00e4rgi.\n\nOma t\u00f6\u00f6kojas valmistame muuhulgas ka j\u00e4rgnevaid enamlevinud\u00a0plekitooteid:\n<p style=\"padding-left: 30px;\"><em>aknaplekk<\/em>\n<em>veeplekk<\/em>\n<em>\u00fcmara akna veeplekk<\/em>\n<em>harjaplekk<\/em>\n<em>neeluplekk<\/em>\n<em>lumet\u00f5kkeplekk<\/em>\n<em>liiteplekk<\/em>\n<em>viiluplekk<\/em>\n<em>otsaplekk<\/em>\n<em>katteplekk<\/em>\n<em>karniisiplekk<\/em>\n<em>\u00fcleminekuplekk<\/em>\n<em>sisenurgaplekk<\/em>\n<em>v\u00e4lisnurgaplekk<\/em>\n<em>nurgaplekk<\/em>\n<em>korstnaplekk<\/em>\n<em>korstnam\u00fcts<\/em>\n<em>korstnakrae<\/em>\n<em>katuseluuk<\/em>\n<em>katuseakna \u00e4\u00e4risplekk<\/em>\n<em>parapetiplekk<\/em>\n<em>r\u00e4\u00e4staplekk<\/em>\n<em>tilgaplekk<\/em>\n<em>k\u00fcbaraprofiil<\/em>\n<em>u-profiil<\/em>\n<em>z-profiil<\/em>\n<em>h-profiil<\/em>\n<em>vihmaveerenn<\/em>\n<em>vihmaveetoru<\/em>\n<em>lehter<\/em>\n<em>s\u00fcliti<\/em>\n<em>ahjuesine plekk<\/em>\n<em>kubu<\/em>\n<em>postim\u00fcts<\/em>\n<em>tahmaluuk<\/em>\n<em>kipsiluuk<\/em><\/p>","_et_gb_content_width":"","_mi_skip_tracking":false,"footnotes":""},"class_list":["post-53","page","type-page","status-publish","hentry"],"_links":{"self":[{"href":"https:\/\/plekikeskus.ee\/en\/wp-json\/wp\/v2\/pages\/53","targetHints":{"allow":["GET"]}}],"collection":[{"href":"https:\/\/plekikeskus.ee\/en\/wp-json\/wp\/v2\/pages"}],"about":[{"href":"https:\/\/plekikeskus.ee\/en\/wp-json\/wp\/v2\/types\/page"}],"author":[{"embeddable":true,"href":"https:\/\/plekikeskus.ee\/en\/wp-json\/wp\/v2\/users\/1"}],"replies":[{"embeddable":true,"href":"https:\/\/plekikeskus.ee\/en\/wp-json\/wp\/v2\/comments?post=53"}],"version-history":[{"count":36,"href":"https:\/\/plekikeskus.ee\/en\/wp-json\/wp\/v2\/pages\/53\/revisions"}],"predecessor-version":[{"id":949,"href":"https:\/\/plekikeskus.ee\/en\/wp-json\/wp\/v2\/pages\/53\/revisions\/949"}],"wp:attachment":[{"href":"https:\/\/plekikeskus.ee\/en\/wp-json\/wp\/v2\/media?parent=53"}],"curies":[{"name":"wp","href":"https:\/\/api.w.org\/{rel}","templated":true}]}}