{"id":655,"date":"2019-07-17T22:51:57","date_gmt":"2019-07-17T19:51:57","guid":{"rendered":"https:\/\/plekikeskus.ee\/?page_id=655"},"modified":"2026-02-12T11:46:07","modified_gmt":"2026-02-12T09:46:07","slug":"avaleht","status":"publish","type":"page","link":"https:\/\/plekikeskus.ee\/en\/","title":{"rendered":"Home"},"content":{"rendered":"[et_pb_section fb_built=&#8221;1&#8243; fullwidth=&#8221;on&#8221; _builder_version=&#8221;4.16&#8243; global_colors_info=&#8221;{}&#8221;][et_pb_fullwidth_image _builder_version=&#8221;4.16&#8243; animation_style=&#8221;slide&#8221; animation_direction=&#8221;left&#8221; animation_duration=&#8221;500ms&#8221; animation_intensity_slide=&#8221;10%&#8221; global_colors_info=&#8221;{}&#8221;][\/et_pb_fullwidth_image][\/et_pb_section][et_pb_section fb_built=&#8221;1&#8243; _builder_version=&#8221;4.16&#8243; custom_padding=&#8221;29px|0px|0px|0px&#8221; global_colors_info=&#8221;{}&#8221;][et_pb_row column_structure=&#8221;1_2,1_2&#8243; disabled_on=&#8221;on|off|off&#8221; _builder_version=&#8221;4.16&#8243; background_size=&#8221;initial&#8221; background_position=&#8221;top_left&#8221; background_repeat=&#8221;repeat&#8221; custom_margin=&#8221;|auto|20px|auto||&#8221; custom_padding=&#8221;12px|0px|5px|0px||&#8221; global_colors_info=&#8221;{}&#8221;][et_pb_column type=&#8221;1_2&#8243; _builder_version=&#8221;4.16&#8243; custom_padding=&#8221;|||&#8221; global_colors_info=&#8221;{}&#8221; custom_padding__hover=&#8221;|||&#8221;][et_pb_text _builder_version=&#8221;4.18.0&#8243; background_size=&#8221;initial&#8221; background_position=&#8221;top_left&#8221; background_repeat=&#8221;repeat&#8221; text_orientation=&#8221;center&#8221; module_alignment=&#8221;center&#8221; custom_margin=&#8221;||41px|||&#8221; hover_enabled=&#8221;0&#8243; inline_fonts=&#8221;Cuprum,Crimson Text&#8221; global_colors_info=&#8221;{}&#8221; sticky_enabled=&#8221;0&#8243;]\n<h3><span><\/span><\/h3>\n<p><span><\/span><\/p>\n<h2><span>PLEKIKESKUS \u2013 METALLIT\u00d6\u00d6DE EKSPERDID AASTAST 2016 <\/span><\/h2>\n<p><span>Plekikeskus on 2016. aastal asutatud metallit\u00f6\u00f6de ettev\u00f5te, mis pakub terviklahendusi alates \u00f5hukesest lehtmetallist kuni metallprofiilide valmistamiseni. Meie tugevuseks on t\u00e4psus, kaasaegne tehnoloogia ja aastatepikkune praktiline kogemus, mis tagab kvaliteetse tulemuse igas projektis. Pakume laia valikut teenuseid, sealhulgas laserl\u00f5ikust, keevitust, painutust, graveerimist, stantsimist ja rullvaltsimist jne. Lisaks valmistame eritellimusel k\u00e4sit\u00f6\u00f6 metalltooteid, kus \u00fchendame tehnilise t\u00e4psuse ja meisterlikkuse. Meie eesm\u00e4rk on olla kliendile usaldusv\u00e4\u00e4rset partner, kes suudab teostada nii \u00fcksikdetailid kui ka keerukad lahendused kiiresti, t\u00e4pselt ja professionaalselt.\u00a0<\/span><\/p>\n<h5><span> Plekikeskus \u2013 kui vajad metalli, mis peab vastu.<\/span><\/h5>\n[\/et_pb_text][et_pb_image align_tablet=&#8221;center&#8221; align_phone=&#8221;center&#8221; align_last_edited=&#8221;on|desktop&#8221; _builder_version=&#8221;4.16&#8243; animation_style=&#8221;slide&#8221; animation_direction=&#8221;left&#8221; animation_duration=&#8221;500ms&#8221; animation_intensity_slide=&#8221;10%&#8221; global_colors_info=&#8221;{}&#8221;][\/et_pb_image][\/et_pb_column][et_pb_column type=&#8221;1_2&#8243; _builder_version=&#8221;4.16&#8243; custom_padding=&#8221;|||&#8221; global_colors_info=&#8221;{}&#8221; custom_padding__hover=&#8221;|||&#8221;][et_pb_video src=&#8221;https:\/\/www.youtube.com\/watch?v=eR9picviIVs&#038;ab_channel=CreditinfoEesti&#8221; _builder_version=&#8221;4.18.0&#8243; _module_preset=&#8221;default&#8221; custom_margin=&#8221;|74px||||&#8221; custom_padding=&#8221;|0px|0px|||&#8221; global_colors_info=&#8221;{}&#8221;][\/et_pb_video][\/et_pb_column][\/et_pb_row][et_pb_row _builder_version=&#8221;4.18.0&#8243; _module_preset=&#8221;default&#8221; custom_margin=&#8221;16px|auto||auto||&#8221; global_colors_info=&#8221;{}&#8221;][et_pb_column type=&#8221;4_4&#8243; _builder_version=&#8221;4.18.0&#8243; _module_preset=&#8221;default&#8221; global_colors_info=&#8221;{}&#8221;][et_pb_divider _builder_version=&#8221;4.18.0&#8243; _module_preset=&#8221;default&#8221; custom_margin=&#8221;-17px||2px|||&#8221; custom_padding=&#8221;0px||7px|||&#8221; global_colors_info=&#8221;{}&#8221;][\/et_pb_divider][\/et_pb_column][\/et_pb_row][et_pb_row column_structure=&#8221;1_3,1_3,1_3&#8243; _builder_version=&#8221;4.18.0&#8243; _module_preset=&#8221;default&#8221; min_height=&#8221;207.3px&#8221; custom_margin=&#8221;-28px|auto||auto||&#8221; custom_padding=&#8221;0px||0px|||&#8221; global_colors_info=&#8221;{}&#8221;][et_pb_column type=&#8221;1_3&#8243; _builder_version=&#8221;4.18.0&#8243; _module_preset=&#8221;default&#8221; global_colors_info=&#8221;{}&#8221;][et_pb_image src=&#8221;https:\/\/plekikeskus.ee\/wp-content\/uploads\/2023\/08\/image0-e1693294884809.png&#8221; title_text=&#8221;image0&#8243; _builder_version=&#8221;4.18.0&#8243; _module_preset=&#8221;default&#8221; custom_margin=&#8221;|6px|-9px|10px||&#8221; custom_padding=&#8221;7px|84px|9px|83px||&#8221; global_colors_info=&#8221;{}&#8221;][\/et_pb_image][\/et_pb_column][et_pb_column type=&#8221;1_3&#8243; _builder_version=&#8221;4.18.0&#8243; _module_preset=&#8221;default&#8221; global_colors_info=&#8221;{}&#8221;][et_pb_image src=&#8221;https:\/\/plekikeskus.ee\/wp-content\/uploads\/2022\/09\/Edukas-Eesti-Ettevo\u0303te_2021.png&#8221; title_text=&#8221;Edukas-Eesti-Ettevo\u0303te_2021&#8243; _builder_version=&#8221;4.18.0&#8243; _module_preset=&#8221;default&#8221; width=&#8221;100%&#8221; module_alignment=&#8221;center&#8221; min_height=&#8221;99.3px&#8221; custom_margin=&#8221;2px|0px|-2px|10px||&#8221; custom_padding=&#8221;11px|97px|2px|101px||&#8221; global_colors_info=&#8221;{}&#8221;][\/et_pb_image][\/et_pb_column][et_pb_column type=&#8221;1_3&#8243; _builder_version=&#8221;4.18.0&#8243; _module_preset=&#8221;default&#8221; global_colors_info=&#8221;{}&#8221;][et_pb_image src=&#8221;https:\/\/plekikeskus.ee\/wp-content\/uploads\/2017\/04\/KODA_liige_EST_logo_horiz.png&#8221; title_text=&#8221;KODA_liige_EST_logo_horiz&#8221; _builder_version=&#8221;4.18.0&#8243; _module_preset=&#8221;default&#8221; width=&#8221;100%&#8221; min_height=&#8221;24.8px&#8221; custom_margin=&#8221;9px|-4px|-4px|2px||&#8221; custom_padding=&#8221;0px|0px|3px|0px||&#8221; global_colors_info=&#8221;{}&#8221;][\/et_pb_image][\/et_pb_column][\/et_pb_row][et_pb_row column_structure=&#8221;1_3,1_3,1_3&#8243; _builder_version=&#8221;4.18.0&#8243; _module_preset=&#8221;default&#8221; min_height=&#8221;106.2px&#8221; custom_margin=&#8221;-11px|auto|-16px|auto||&#8221; custom_padding=&#8221;0px||0px|||&#8221; global_colors_info=&#8221;{}&#8221;][et_pb_column type=&#8221;1_3&#8243; _builder_version=&#8221;4.18.0&#8243; _module_preset=&#8221;default&#8221; global_colors_info=&#8221;{}&#8221;][et_pb_text _builder_version=&#8221;4.18.0&#8243; _module_preset=&#8221;default&#8221; module_alignment=&#8221;center&#8221; min_height=&#8221;163.2px&#8221; custom_margin=&#8221;-21px|||||&#8221; global_colors_info=&#8221;{}&#8221;]\n<p class=\"p1\" style=\"text-align: center;\"><b><a href=\"https:\/\/plekikeskus.ee\/wp-content\/uploads\/2019\/07\/rolling66.jpg\"><\/a>Skilled professionals<\/b><\/p>\n<p class=\"p2\" style=\"text-align: center;\">Drawing on our extensive knowledge and experience in the field, we aim to provide our customers a\nsolution with the best price-quality ratio that meets their specific needs.<\/p>\n<p class=\"p2\">\n[\/et_pb_text][\/et_pb_column][et_pb_column type=&#8221;1_3&#8243; _builder_version=&#8221;4.18.0&#8243; _module_preset=&#8221;default&#8221; global_colors_info=&#8221;{}&#8221;][et_pb_text _builder_version=&#8221;4.18.0&#8243; _module_preset=&#8221;default&#8221; module_alignment=&#8221;center&#8221; custom_margin=&#8221;-27px|||||&#8221; custom_padding=&#8221;7px|||||&#8221; global_colors_info=&#8221;{}&#8221;]\n<p class=\"p1\" style=\"text-align: center;\"><b>Inspired by need<\/b><\/p>\n<p class=\"p2\" style=\"text-align: center;\">Most of our products are custom-made, keeping in mind the needs of the customer as well as our\ntechnical capabilities.<\/p>\n[\/et_pb_text][\/et_pb_column][et_pb_column type=&#8221;1_3&#8243; _builder_version=&#8221;4.18.0&#8243; _module_preset=&#8221;default&#8221; global_colors_info=&#8221;{}&#8221;][et_pb_text _builder_version=&#8221;4.18.0&#8243; _module_preset=&#8221;default&#8221; module_alignment=&#8221;center&#8221; custom_margin=&#8221;-34px|||||&#8221; custom_padding=&#8221;11px||19px|||&#8221; global_colors_info=&#8221;{}&#8221;]\n<p class=\"p1\" style=\"text-align: center;\"><b>We welcome everyone<\/b><\/p>\n<p class=\"p2\" style=\"text-align: center;\">We are happy to welcome everyone \u2013 from main contractors to large and small enterprises and sole\nproprietors \u2013 as a customer to our sheet metal workshop.<\/p>\n[\/et_pb_text][\/et_pb_column][\/et_pb_row][et_pb_row _builder_version=&#8221;4.18.0&#8243; _module_preset=&#8221;default&#8221; custom_margin=&#8221;-16px|auto||auto||&#8221; custom_padding=&#8221;13px||13px|||&#8221; global_colors_info=&#8221;{}&#8221;][et_pb_column type=&#8221;4_4&#8243; _builder_version=&#8221;4.18.0&#8243; _module_preset=&#8221;default&#8221; global_colors_info=&#8221;{}&#8221;][et_pb_divider _builder_version=&#8221;4.18.0&#8243; _module_preset=&#8221;default&#8221; min_height=&#8221;0.8px&#8221; custom_margin=&#8221;-2px|||||&#8221; custom_padding=&#8221;0px||18px|||&#8221; global_colors_info=&#8221;{}&#8221;][\/et_pb_divider][\/et_pb_column][\/et_pb_row][\/et_pb_section][et_pb_section fb_built=&#8221;1&#8243; _builder_version=&#8221;4.16&#8243; custom_padding=&#8221;2px|0px|0px|0px||&#8221; global_colors_info=&#8221;{}&#8221;][et_pb_row _builder_version=&#8221;4.16&#8243; background_size=&#8221;initial&#8221; background_position=&#8221;top_left&#8221; background_repeat=&#8221;repeat&#8221; custom_margin=&#8221;-26px|auto||auto||&#8221; custom_padding=&#8221;0px|0px|0px|0px||&#8221; global_colors_info=&#8221;{}&#8221;][et_pb_column type=&#8221;4_4&#8243; _builder_version=&#8221;4.16&#8243; custom_padding=&#8221;|||&#8221; global_colors_info=&#8221;{}&#8221; custom_padding__hover=&#8221;|||&#8221;][\/et_pb_column][\/et_pb_row][\/et_pb_section]","protected":false},"excerpt":{"rendered":"<p>PLEKIKESKUS \u2013 METALLIT\u00d6\u00d6DE EKSPERDID AASTAST 2016 Plekikeskus on 2016. aastal asutatud metallit\u00f6\u00f6de ettev\u00f5te, mis pakub terviklahendusi alates \u00f5hukesest lehtmetallist kuni metallprofiilide valmistamiseni. Meie tugevuseks on t\u00e4psus, kaasaegne tehnoloogia ja aastatepikkune praktiline kogemus, mis tagab kvaliteetse tulemuse igas projektis. Pakume laia valikut teenuseid, sealhulgas laserl\u00f5ikust, keevitust, painutust, graveerimist, stantsimist ja rullvaltsimist jne. Lisaks valmistame eritellimusel k\u00e4sit\u00f6\u00f6 [&hellip;]<\/p>","protected":false},"author":1,"featured_media":0,"parent":0,"menu_order":0,"comment_status":"closed","ping_status":"closed","template":"","meta":{"_et_pb_use_builder":"on","_et_pb_old_content":"<!-- wp:shortcode -->\n[embed]https:\/\/www.facebook.com\/PLEKIKESKUS\/videos\/925320044295653\/[\/embed]\n<!-- \/wp:shortcode -->\n\n<!-- wp:quote -->\n<blockquote class=\"wp-block-quote\"><p>Creditinfo Eesti AS videointervjuu \"Edukas Eesti Ettev\u00f5te 2018\"<\/p><\/blockquote>\n<!-- \/wp:quote -->\n\n<!-- wp:paragraph -->\n<p>Plekikeskus O\u00dc on 2016 aastal asutatud ettev\u00f5te, mis tegeleb erinevate plekitoodete valmistamise ja m\u00fc\u00fcgiga. Meie meeskond koosneb oma ala spetsialistidest, kes omavad pikaajalist kogemust antud valdkonnas. Oma teadmiste- ja oskustepagasile toetudes p\u00fc\u00fcame leida igale kliendi soovile parima v\u00f5imaliku hinna ja kvaliteedi suhtega lahenduse. Valdav enamus tooteid valmib \"r\u00e4tsepat\u00f6\u00f6na\" ehk tellija vajadusi ja meie tehnilisi v\u00f5imalusi silmas pidades. Meie plekksepat\u00f6\u00f6koja kliendiks on oodatud nii peat\u00f6\u00f6v\u00f5tja ja suurettev\u00f5te kui ka v\u00e4ikefirma v\u00f5i \u00fcksik\u00fcritaja.<\/p>\n<!-- \/wp:paragraph -->","_et_gb_content_width":"","_mi_skip_tracking":false,"footnotes":""},"class_list":["post-655","page","type-page","status-publish","hentry"],"_links":{"self":[{"href":"https:\/\/plekikeskus.ee\/en\/wp-json\/wp\/v2\/pages\/655","targetHints":{"allow":["GET"]}}],"collection":[{"href":"https:\/\/plekikeskus.ee\/en\/wp-json\/wp\/v2\/pages"}],"about":[{"href":"https:\/\/plekikeskus.ee\/en\/wp-json\/wp\/v2\/types\/page"}],"author":[{"embeddable":true,"href":"https:\/\/plekikeskus.ee\/en\/wp-json\/wp\/v2\/users\/1"}],"replies":[{"embeddable":true,"href":"https:\/\/plekikeskus.ee\/en\/wp-json\/wp\/v2\/comments?post=655"}],"version-history":[{"count":35,"href":"https:\/\/plekikeskus.ee\/en\/wp-json\/wp\/v2\/pages\/655\/revisions"}],"predecessor-version":[{"id":1092,"href":"https:\/\/plekikeskus.ee\/en\/wp-json\/wp\/v2\/pages\/655\/revisions\/1092"}],"wp:attachment":[{"href":"https:\/\/plekikeskus.ee\/en\/wp-json\/wp\/v2\/media?parent=655"}],"curies":[{"name":"wp","href":"https:\/\/api.w.org\/{rel}","templated":true}]}}